{"id":2,"date":"2016-06-08T08:56:18","date_gmt":"2016-06-08T08:56:18","guid":{"rendered":"http:\/\/themes.muffingroup.com\/be\/agency2\/?page_id=2"},"modified":"2026-01-05T10:24:42","modified_gmt":"2026-01-05T13:24:42","slug":"home","status":"publish","type":"page","link":"https:\/\/wcabrasil.com.br\/sul-de-minas\/","title":{"rendered":"WCA Brasil Sul de Minas"},"content":{"rendered":"","protected":false},"excerpt":{"rendered":"","protected":false},"author":2,"featured_media":0,"parent":0,"menu_order":0,"comment_status":"closed","ping_status":"open","template":"","meta":{"_joinchat":[],"footnotes":""},"class_list":["post-2","page","type-page","status-publish","hentry"],"yoast_head":"<!-- This site is optimized with the Yoast SEO plugin v27.2 - https:\/\/yoast.com\/product\/yoast-seo-wordpress\/ -->\n<title>WCA Brasil Sul de Minas<\/title>\n<meta name=\"description\" content=\"WCA Brasil Sul de Minas M\u00e3o de Obra Tempor\u00e1ria, Recrutamento &amp; Sele\u00e7\u00e3o e Terceiriza\u00e7\u00e3o de Servi\u00e7os\" \/>\n<meta name=\"robots\" content=\"index, follow, max-snippet:-1, max-image-preview:large, max-video-preview:-1\" \/>\n<link rel=\"canonical\" href=\"https:\/\/wcabrasil.com.br\/sul-de-minas\/\" \/>\n<meta property=\"og:locale\" content=\"pt_BR\" \/>\n<meta property=\"og:type\" content=\"article\" \/>\n<meta property=\"og:title\" content=\"WCA Brasil Sul de Minas\" \/>\n<meta property=\"og:description\" content=\"WCA Brasil Sul de Minas M\u00e3o de Obra Tempor\u00e1ria, Recrutamento &amp; Sele\u00e7\u00e3o e Terceiriza\u00e7\u00e3o de Servi\u00e7os\" \/>\n<meta property=\"og:url\" content=\"https:\/\/wcabrasil.com.br\/sul-de-minas\/\" \/>\n<meta property=\"og:site_name\" content=\"WCA | Sul de Minas Gerais\" \/>\n<meta property=\"article:publisher\" content=\"https:\/\/www.facebook.com\/wcabrasiloficial\/\" \/>\n<meta property=\"article:modified_time\" content=\"2026-01-05T13:24:42+00:00\" \/>\n<meta name=\"twitter:card\" content=\"summary_large_image\" \/>\n<script type=\"application\/ld+json\" class=\"yoast-schema-graph\">{\"@context\":\"https:\/\/schema.org\",\"@graph\":[{\"@type\":\"WebPage\",\"@id\":\"https:\/\/wcabrasil.com.br\/sul-de-minas\/\",\"url\":\"https:\/\/wcabrasil.com.br\/sul-de-minas\/\",\"name\":\"WCA Brasil Sul de Minas\",\"isPartOf\":{\"@id\":\"https:\/\/wcabrasil.com.br\/sul-de-minas\/#website\"},\"datePublished\":\"2016-06-08T08:56:18+00:00\",\"dateModified\":\"2026-01-05T13:24:42+00:00\",\"description\":\"WCA Brasil Sul de Minas M\u00e3o de Obra Tempor\u00e1ria, Recrutamento & Sele\u00e7\u00e3o e Terceiriza\u00e7\u00e3o de Servi\u00e7os\",\"breadcrumb\":{\"@id\":\"https:\/\/wcabrasil.com.br\/sul-de-minas\/#breadcrumb\"},\"inLanguage\":\"pt-BR\",\"potentialAction\":[{\"@type\":\"ReadAction\",\"target\":[\"https:\/\/wcabrasil.com.br\/sul-de-minas\/\"]}]},{\"@type\":\"BreadcrumbList\",\"@id\":\"https:\/\/wcabrasil.com.br\/sul-de-minas\/#breadcrumb\",\"itemListElement\":[{\"@type\":\"ListItem\",\"position\":1,\"name\":\"In\u00edcio\",\"item\":\"https:\/\/wcabrasil.com.br\/sul-de-minas\/\"},{\"@type\":\"ListItem\",\"position\":2,\"name\":\"WCA Brasil Sul de Minas\"}]},{\"@type\":\"WebSite\",\"@id\":\"https:\/\/wcabrasil.com.br\/sul-de-minas\/#website\",\"url\":\"https:\/\/wcabrasil.com.br\/sul-de-minas\/\",\"name\":\"WCA | Sul de Minas Gerais\",\"description\":\"Juntos podemos mais!\",\"publisher\":{\"@id\":\"https:\/\/wcabrasil.com.br\/sul-de-minas\/#organization\"},\"potentialAction\":[{\"@type\":\"SearchAction\",\"target\":{\"@type\":\"EntryPoint\",\"urlTemplate\":\"https:\/\/wcabrasil.com.br\/sul-de-minas\/?s={search_term_string}\"},\"query-input\":{\"@type\":\"PropertyValueSpecification\",\"valueRequired\":true,\"valueName\":\"search_term_string\"}}],\"inLanguage\":\"pt-BR\"},{\"@type\":\"Organization\",\"@id\":\"https:\/\/wcabrasil.com.br\/sul-de-minas\/#organization\",\"name\":\"WCA | Sul de Minas Gerais\",\"url\":\"https:\/\/wcabrasil.com.br\/sul-de-minas\/\",\"logo\":{\"@type\":\"ImageObject\",\"inLanguage\":\"pt-BR\",\"@id\":\"https:\/\/wcabrasil.com.br\/sul-de-minas\/#\/schema\/logo\/image\/\",\"url\":\"https:\/\/wcabrasil.com.br\/sul-de-minas\/wp-content\/uploads\/2019\/01\/logo.png\",\"contentUrl\":\"https:\/\/wcabrasil.com.br\/sul-de-minas\/wp-content\/uploads\/2019\/01\/logo.png\",\"width\":126,\"height\":100,\"caption\":\"WCA | Sul de Minas Gerais\"},\"image\":{\"@id\":\"https:\/\/wcabrasil.com.br\/sul-de-minas\/#\/schema\/logo\/image\/\"},\"sameAs\":[\"https:\/\/www.facebook.com\/wcabrasiloficial\/\",\"https:\/\/www.instagram.com\/wcabrasiloficial\/\",\"https:\/\/www.linkedin.com\/company\/wcavagas\/\"]}]}<\/script>\n<!-- \/ Yoast SEO plugin. -->","yoast_head_json":{"title":"WCA Brasil Sul de Minas","description":"WCA Brasil Sul de Minas M\u00e3o de Obra Tempor\u00e1ria, Recrutamento & Sele\u00e7\u00e3o e Terceiriza\u00e7\u00e3o de Servi\u00e7os","robots":{"index":"index","follow":"follow","max-snippet":"max-snippet:-1","max-image-preview":"max-image-preview:large","max-video-preview":"max-video-preview:-1"},"canonical":"https:\/\/wcabrasil.com.br\/sul-de-minas\/","og_locale":"pt_BR","og_type":"article","og_title":"WCA Brasil Sul de Minas","og_description":"WCA Brasil Sul de Minas M\u00e3o de Obra Tempor\u00e1ria, Recrutamento & Sele\u00e7\u00e3o e Terceiriza\u00e7\u00e3o de Servi\u00e7os","og_url":"https:\/\/wcabrasil.com.br\/sul-de-minas\/","og_site_name":"WCA | Sul de Minas Gerais","article_publisher":"https:\/\/www.facebook.com\/wcabrasiloficial\/","article_modified_time":"2026-01-05T13:24:42+00:00","twitter_card":"summary_large_image","schema":{"@context":"https:\/\/schema.org","@graph":[{"@type":"WebPage","@id":"https:\/\/wcabrasil.com.br\/sul-de-minas\/","url":"https:\/\/wcabrasil.com.br\/sul-de-minas\/","name":"WCA Brasil Sul de Minas","isPartOf":{"@id":"https:\/\/wcabrasil.com.br\/sul-de-minas\/#website"},"datePublished":"2016-06-08T08:56:18+00:00","dateModified":"2026-01-05T13:24:42+00:00","description":"WCA Brasil Sul de Minas M\u00e3o de Obra Tempor\u00e1ria, Recrutamento & Sele\u00e7\u00e3o e Terceiriza\u00e7\u00e3o de Servi\u00e7os","breadcrumb":{"@id":"https:\/\/wcabrasil.com.br\/sul-de-minas\/#breadcrumb"},"inLanguage":"pt-BR","potentialAction":[{"@type":"ReadAction","target":["https:\/\/wcabrasil.com.br\/sul-de-minas\/"]}]},{"@type":"BreadcrumbList","@id":"https:\/\/wcabrasil.com.br\/sul-de-minas\/#breadcrumb","itemListElement":[{"@type":"ListItem","position":1,"name":"In\u00edcio","item":"https:\/\/wcabrasil.com.br\/sul-de-minas\/"},{"@type":"ListItem","position":2,"name":"WCA Brasil Sul de Minas"}]},{"@type":"WebSite","@id":"https:\/\/wcabrasil.com.br\/sul-de-minas\/#website","url":"https:\/\/wcabrasil.com.br\/sul-de-minas\/","name":"WCA | Sul de Minas Gerais","description":"Juntos podemos mais!","publisher":{"@id":"https:\/\/wcabrasil.com.br\/sul-de-minas\/#organization"},"potentialAction":[{"@type":"SearchAction","target":{"@type":"EntryPoint","urlTemplate":"https:\/\/wcabrasil.com.br\/sul-de-minas\/?s={search_term_string}"},"query-input":{"@type":"PropertyValueSpecification","valueRequired":true,"valueName":"search_term_string"}}],"inLanguage":"pt-BR"},{"@type":"Organization","@id":"https:\/\/wcabrasil.com.br\/sul-de-minas\/#organization","name":"WCA | Sul de Minas Gerais","url":"https:\/\/wcabrasil.com.br\/sul-de-minas\/","logo":{"@type":"ImageObject","inLanguage":"pt-BR","@id":"https:\/\/wcabrasil.com.br\/sul-de-minas\/#\/schema\/logo\/image\/","url":"https:\/\/wcabrasil.com.br\/sul-de-minas\/wp-content\/uploads\/2019\/01\/logo.png","contentUrl":"https:\/\/wcabrasil.com.br\/sul-de-minas\/wp-content\/uploads\/2019\/01\/logo.png","width":126,"height":100,"caption":"WCA | Sul de Minas Gerais"},"image":{"@id":"https:\/\/wcabrasil.com.br\/sul-de-minas\/#\/schema\/logo\/image\/"},"sameAs":["https:\/\/www.facebook.com\/wcabrasiloficial\/","https:\/\/www.instagram.com\/wcabrasiloficial\/","https:\/\/www.linkedin.com\/company\/wcavagas\/"]}]}},"_links":{"self":[{"href":"https:\/\/wcabrasil.com.br\/sul-de-minas\/wp-json\/wp\/v2\/pages\/2","targetHints":{"allow":["GET"]}}],"collection":[{"href":"https:\/\/wcabrasil.com.br\/sul-de-minas\/wp-json\/wp\/v2\/pages"}],"about":[{"href":"https:\/\/wcabrasil.com.br\/sul-de-minas\/wp-json\/wp\/v2\/types\/page"}],"author":[{"embeddable":true,"href":"https:\/\/wcabrasil.com.br\/sul-de-minas\/wp-json\/wp\/v2\/users\/2"}],"replies":[{"embeddable":true,"href":"https:\/\/wcabrasil.com.br\/sul-de-minas\/wp-json\/wp\/v2\/comments?post=2"}],"version-history":[{"count":2,"href":"https:\/\/wcabrasil.com.br\/sul-de-minas\/wp-json\/wp\/v2\/pages\/2\/revisions"}],"predecessor-version":[{"id":157,"href":"https:\/\/wcabrasil.com.br\/sul-de-minas\/wp-json\/wp\/v2\/pages\/2\/revisions\/157"}],"wp:attachment":[{"href":"https:\/\/wcabrasil.com.br\/sul-de-minas\/wp-json\/wp\/v2\/media?parent=2"}],"curies":[{"name":"wp","href":"https:\/\/api.w.org\/{rel}","templated":true}]}}